{"id":5996,"date":"2017-10-30T15:05:35","date_gmt":"2021-02-03T20:05:35","guid":{"rendered":"https:\/\/grilledcheesemag.com\/?post_type=product&#038;p=5996"},"modified":"2021-07-10T15:10:29","modified_gmt":"2021-07-10T20:10:29","slug":"5-10-ans-montagne","status":"publish","type":"product","link":"https:\/\/grilledcheesemag.com\/en\/boutique\/magazine-en\/5-10-y-o\/5-10-ans-montagne\/","title":{"rendered":"[5-10 y.o.] Mountain"},"content":{"rendered":"<p>Issue 10: Mountain (one magazine + one button)<\/p>\n<p>Illustrations:<br \/>\nAna\u00efs Lemaitre<br \/>\nH\u00e9l\u00e8ne Gru\u00e9nais<br \/>\nJos\u00e9phine Lascault<br \/>\nJulien Boisseau<br \/>\nRectal Versal<br \/>\nTha\u00efla Khampo<\/p>\n<p>Texts:<br \/>\nAnne-Sophie Tilly<br \/>\nCatherine Ouellet-Cummings<br \/>\nV\u00e9ronique Bachand<\/p>\n<p>Launch: October 2017<\/p>\n","protected":false},"excerpt":{"rendered":"<p>Issue 10: Mountain (one magazine + one button)<\/p>\n","protected":false},"featured_media":4646,"template":"","meta":[],"product_cat":[92,81,83],"product_tag":[],"class_list":{"0":"post-5996","1":"product","2":"type-product","3":"status-publish","4":"has-post-thumbnail","6":"product_cat-5-10-y-o","7":"product_cat-magazine-en","8":"product_cat-sale","10":"first","11":"outofstock","12":"sale","13":"taxable","14":"shipping-taxable","15":"purchasable","16":"product-type-simple"},"_links":{"self":[{"href":"https:\/\/grilledcheesemag.com\/en\/wp-json\/wp\/v2\/product\/5996","targetHints":{"allow":["GET"]}}],"collection":[{"href":"https:\/\/grilledcheesemag.com\/en\/wp-json\/wp\/v2\/product"}],"about":[{"href":"https:\/\/grilledcheesemag.com\/en\/wp-json\/wp\/v2\/types\/product"}],"wp:featuredmedia":[{"embeddable":true,"href":"https:\/\/grilledcheesemag.com\/en\/wp-json\/wp\/v2\/media\/4646"}],"wp:attachment":[{"href":"https:\/\/grilledcheesemag.com\/en\/wp-json\/wp\/v2\/media?parent=5996"}],"wp:term":[{"taxonomy":"product_cat","embeddable":true,"href":"https:\/\/grilledcheesemag.com\/en\/wp-json\/wp\/v2\/product_cat?post=5996"},{"taxonomy":"product_tag","embeddable":true,"href":"https:\/\/grilledcheesemag.com\/en\/wp-json\/wp\/v2\/product_tag?post=5996"}],"curies":[{"name":"wp","href":"https:\/\/api.w.org\/{rel}","templated":true}]}}